{"id":23,"date":"2018-09-10T09:28:24","date_gmt":"2018-09-10T09:28:24","guid":{"rendered":"https:\/\/landingsnowboard.com\/frfr\/?page_id=23"},"modified":"2024-01-26T12:36:40","modified_gmt":"2024-01-26T11:36:40","slug":"contact","status":"publish","type":"page","link":"https:\/\/landingsnowboard.com\/fr\/contact\/","title":{"rendered":"Contact"},"content":{"rendered":"\n<style type=\"text\/css\" data-created_by=\"avia_inline_auto\" id=\"style-css-av-jlw9obuy-9991d4164241a351017d0779f263a53e\">\n.avia-section.av-jlw9obuy-9991d4164241a351017d0779f263a53e{\nbackground-repeat:no-repeat;\nbackground-image:url(https:\/\/landingsnowboard.com\/fr\/wp-content\/uploads\/sites\/3\/2018\/09\/cta_reservar.jpg);\nbackground-position:50% 50%;\nbackground-attachment:scroll;\n}\n<\/style>\n<div id='av_section_1'  class='avia-section av-jlw9obuy-9991d4164241a351017d0779f263a53e main_color avia-section-default avia-no-border-styling  avia-builder-el-0  el_before_av_section  avia-builder-el-first  avia-bg-style-scroll av-minimum-height av-minimum-height-custom av-height-custom  container_wrap fullsize'  data-section-bg-repeat='no-repeat' data-av_minimum_height_px='587'><div class='container av-section-cont-open' style='height:587px'><main  role=\"main\" itemprop=\"mainContentOfPage\"  class='template-page content  av-content-full alpha units'><div class='post-entry post-entry-type-page post-entry-23'><div class='entry-content-wrapper clearfix'>\n\n<style type=\"text\/css\" data-created_by=\"avia_inline_auto\" id=\"style-css-av-jmkr2m11-206e7d0db27d1303ab570e499379b8af\">\n#top .av-special-heading.av-jmkr2m11-206e7d0db27d1303ab570e499379b8af{\npadding-bottom:50px;\nfont-size:68px;\n}\nbody .av-special-heading.av-jmkr2m11-206e7d0db27d1303ab570e499379b8af .av-special-heading-tag .heading-char{\nfont-size:25px;\n}\n#top #wrap_all .av-special-heading.av-jmkr2m11-206e7d0db27d1303ab570e499379b8af .av-special-heading-tag{\nfont-size:68px;\n}\n.av-special-heading.av-jmkr2m11-206e7d0db27d1303ab570e499379b8af .av-subheading{\nfont-size:24px;\n}\n\n@media only screen and (min-width: 480px) and (max-width: 767px){ \n#top #wrap_all .av-special-heading.av-jmkr2m11-206e7d0db27d1303ab570e499379b8af .av-special-heading-tag{\nfont-size:0.8em;\n}\n}\n\n@media only screen and (max-width: 479px){ \n#top #wrap_all .av-special-heading.av-jmkr2m11-206e7d0db27d1303ab570e499379b8af .av-special-heading-tag{\nfont-size:0.8em;\n}\n}\n<\/style>\n<div  class='av-special-heading av-jmkr2m11-206e7d0db27d1303ab570e499379b8af av-special-heading-h1 blockquote modern-quote modern-centered  avia-builder-el-1  avia-builder-el-no-sibling  black-italic letter-spacing av-inherit-size'><h1 class='av-special-heading-tag '  itemprop=\"headline\"  >Salut!<\/h1><div class='av-subheading av-subheading_below'><p>T. +34 626 921 036<\/p>\n<p>hola@landingsnowboard.com<\/p>\n<p>Baqueira Beret \u2013 Val d\u2019Aran<\/p>\n<p>Coordenadas:<br \/>\n42\u00ba42\u201924.00\u2033N<br \/>\n0\u00ba53\u201955.00\u2033E<\/p>\n<\/div><div class=\"special-heading-border\"><div class=\"special-heading-inner-border\"><\/div><\/div><\/div>\n\n<\/div><\/div><\/main><!-- close content main element --><\/div><\/div>\n<style type=\"text\/css\" data-created_by=\"avia_inline_auto\" id=\"style-css-av-jmhvmdfk-344a24c3b3b324f79091917d3d691634\">\n.avia-section.av-jmhvmdfk-344a24c3b3b324f79091917d3d691634{\nbackground-color:#f9f9f9;\nbackground-image:url(https:\/\/landingsnowboard.com\/fr\/wp-content\/uploads\/sites\/3\/2018\/09\/lineas_back.png);\nbackground-repeat:repeat-y;\nbackground-position:50% 50%;\nbackground-attachment:scroll;\n}\n<\/style>\n<div id='av_section_2'  class='avia-section av-jmhvmdfk-344a24c3b3b324f79091917d3d691634 main_color avia-section-default avia-no-border-styling  avia-builder-el-2  el_after_av_section  avia-builder-el-last  avia-bg-style-scroll container_wrap fullsize'  data-section-bg-repeat='repeat-y'><div class='container av-section-cont-open' ><div class='template-page content  av-content-full alpha units'><div class='post-entry post-entry-type-page post-entry-23'><div class='entry-content-wrapper clearfix'>\n\n<style type=\"text\/css\" data-created_by=\"avia_inline_auto\" id=\"style-css-av-243of-7c5d2777048d4fb31417488d0006ef61\">\n.flex_column.av-243of-7c5d2777048d4fb31417488d0006ef61{\nborder-radius:0px 0px 0px 0px;\npadding:0px 0px 0px 0px;\n}\n<\/style>\n<div  class='flex_column av-243of-7c5d2777048d4fb31417488d0006ef61 av_one_fourth  avia-builder-el-3  el_before_av_one_half  avia-builder-el-first  first flex_column_div av-hide-on-mobile av-zero-column-padding  '     ><\/div>\n<style type=\"text\/css\" data-created_by=\"avia_inline_auto\" id=\"style-css-av-1h64z-945888643801772a316b71a5ca2d2cfb\">\n.flex_column.av-1h64z-945888643801772a316b71a5ca2d2cfb{\nborder-radius:0px 0px 0px 0px;\npadding:0px 0px 0px 0px;\n}\n<\/style>\n<div  class='flex_column av-1h64z-945888643801772a316b71a5ca2d2cfb av_one_half  avia-builder-el-4  el_after_av_one_fourth  el_before_av_one_fourth  flex_column_div av-animated-generic fade-in av-zero-column-padding  '     ><p>\n<style type=\"text\/css\" data-created_by=\"avia_inline_auto\" id=\"style-css-av-uih3-6f35dde6e76dade00115bcff8a4d0d79\">\n#top .av-special-heading.av-uih3-6f35dde6e76dade00115bcff8a4d0d79{\npadding-bottom:50px;\nfont-size:30px;\n}\nbody .av-special-heading.av-uih3-6f35dde6e76dade00115bcff8a4d0d79 .av-special-heading-tag .heading-char{\nfont-size:25px;\n}\n#top #wrap_all .av-special-heading.av-uih3-6f35dde6e76dade00115bcff8a4d0d79 .av-special-heading-tag{\nfont-size:30px;\n}\n.av-special-heading.av-uih3-6f35dde6e76dade00115bcff8a4d0d79 .av-subheading{\nfont-size:24px;\n}\n\n@media only screen and (min-width: 480px) and (max-width: 767px){ \n#top #wrap_all .av-special-heading.av-uih3-6f35dde6e76dade00115bcff8a4d0d79 .av-special-heading-tag{\nfont-size:0.8em;\n}\n}\n\n@media only screen and (max-width: 479px){ \n#top #wrap_all .av-special-heading.av-uih3-6f35dde6e76dade00115bcff8a4d0d79 .av-special-heading-tag{\nfont-size:0.8em;\n}\n}\n<\/style>\n<div  class='av-special-heading av-uih3-6f35dde6e76dade00115bcff8a4d0d79 av-special-heading-h2 blockquote modern-quote modern-centered  avia-builder-el-5  el_before_av_contact  avia-builder-el-first  black-italic letter-spacing av-inherit-size'><h2 class='av-special-heading-tag '  itemprop=\"headline\"  >Comment pouvons-nous vous aider?<\/h2><div class=\"special-heading-border\"><div class=\"special-heading-inner-border\"><\/div><\/div><\/div><br \/>\n<form action=\"https:\/\/landingsnowboard.com\/fr\/contact\/\" method=\"post\" data-fields-with-error=\"Erreurs trouv\u00e9es dans les champs suivants :\" class=\"avia_ajax_form av-form-labels-visible   avia-builder-el-6  el_after_av_heading  avia-builder-el-last  av-centered-form   \" data-avia-form-id=\"1\" data-avia-redirect='' ><fieldset><p class='  first_form  form_element form_fullwidth' id='element_avia_1_1'><label for=\"avia_1_1\">Nom <abbr class=\"required\" title=\"requis(e)\">*<\/abbr><\/label> <input name=\"avia_1_1\" class=\"text_input is_empty\" type=\"text\" id=\"avia_1_1\" value=\"\" \/><\/p><p class='  first_form  form_element form_fullwidth' id='element_avia_2_1'><label for=\"avia_2_1\">e-mail <abbr class=\"required\" title=\"requis(e)\">*<\/abbr><\/label> <input name=\"avia_2_1\" class=\"text_input is_email\" type=\"text\" id=\"avia_2_1\" value=\"\" \/><\/p><p class='  first_form  form_element form_fullwidth' id='element_avia_3_1'><label for=\"avia_3_1\" class=\"textare_label hidden textare_label_avia_3_1\">Message <abbr class=\"required\" title=\"requis(e)\">*<\/abbr><\/label><textarea  name=\"avia_3_1\" class=\"text_area is_empty\" cols=\"40\" rows=\"7\" id=\"avia_3_1\" ><\/textarea><\/p><p class=\"hidden\"><input type=\"text\" name=\"avia_4_1\" class=\"hidden \" id=\"avia_4_1\" value=\"\" \/><\/p><p class='   form_element form_fullwidth av-last-visible-form-element' id='element_avia_5_1'><span class='value_verifier_label'>2 + 5 = ?<\/span><input name=\"avia_5_1_verifier\" type=\"hidden\" id=\"avia_5_1_verifier\" value=\"321711343\"\/><label for=\"avia_5_1\">Merci de prouver que vous \u00eates un humain en donnant le r\u00e9sultat de cette op\u00e9ration <abbr class=\"required\" title=\"requis(e)\">*<\/abbr><\/label><input name=\"avia_5_1\" class=\"text_input captcha\" type=\"text\" id=\"avia_5_1\" value=\"\"\/><\/p><p class=' av_form_privacy_check av_contact_privacy_check first_form  form_element form_fullwidth' id='element_avia_6_1'><input  name=\"avia_6_1\" class=\"input_checkbox is_empty\" type=\"checkbox\" id=\"avia_6_1\" value=\"true\"\/><label class=\"input_checkbox_label\" for=\"avia_6_1\">J'accepte les termes et conditions de la politique de <a href='https:\/\/landingsnowboard.com\/fr\/politique-de-confidentialite\/' target='_blank'>politique de confidentialit\u00e9<\/a> <abbr class=\"required\" title=\"requis(e)\">*<\/abbr><\/label><\/p><p class=\"form_element \"><input type=\"hidden\" value=\"1\" name=\"avia_generated_form1\" \/><input type=\"submit\" value=\"ENVOYER\" class=\"button\"  data-sending-label=\"Envoi\"\/><\/p><\/fieldset><\/form><div id=\"ajaxresponse_1\" class=\"ajaxresponse ajaxresponse_1 hidden\"><\/div><\/p><\/div>\n<style type=\"text\/css\" data-created_by=\"avia_inline_auto\" id=\"style-css-av-3azz-a8f10c0b65824c4ba1c359c7a9c31044\">\n.flex_column.av-3azz-a8f10c0b65824c4ba1c359c7a9c31044{\nborder-radius:0px 0px 0px 0px;\npadding:0px 0px 0px 0px;\n}\n<\/style>\n<div  class='flex_column av-3azz-a8f10c0b65824c4ba1c359c7a9c31044 av_one_fourth  avia-builder-el-7  el_after_av_one_half  avia-builder-el-last  flex_column_div av-hide-on-mobile av-zero-column-padding  '     ><\/div>\n\n","protected":false},"excerpt":{"rendered":"","protected":false},"author":1,"featured_media":0,"parent":0,"menu_order":0,"comment_status":"closed","ping_status":"closed","template":"","meta":{"footnotes":""},"class_list":["post-23","page","type-page","status-publish","hentry"],"yoast_head":"<!-- This site is optimized with the Yoast SEO plugin v27.4 - https:\/\/yoast.com\/product\/yoast-seo-wordpress\/ -->\n<title>Contact - FR<\/title>\n<meta name=\"robots\" content=\"index, follow, max-snippet:-1, max-image-preview:large, max-video-preview:-1\" \/>\n<link rel=\"canonical\" href=\"https:\/\/landingsnowboard.com\/fr\/contact\/\" \/>\n<meta property=\"og:locale\" content=\"fr_FR\" \/>\n<meta property=\"og:type\" content=\"article\" \/>\n<meta property=\"og:title\" content=\"Contact - FR\" \/>\n<meta property=\"og:url\" content=\"https:\/\/landingsnowboard.com\/fr\/contact\/\" \/>\n<meta property=\"og:site_name\" content=\"FR\" \/>\n<meta property=\"article:modified_time\" content=\"2024-01-26T11:36:40+00:00\" \/>\n<meta name=\"twitter:card\" content=\"summary_large_image\" \/>\n<meta name=\"twitter:label1\" content=\"Dur\u00e9e de lecture estim\u00e9e\" \/>\n\t<meta name=\"twitter:data1\" content=\"1 minute\" \/>\n<script type=\"application\/ld+json\" class=\"yoast-schema-graph\">{\"@context\":\"https:\\\/\\\/schema.org\",\"@graph\":[{\"@type\":\"WebPage\",\"@id\":\"https:\\\/\\\/landingsnowboard.com\\\/fr\\\/contact\\\/\",\"url\":\"https:\\\/\\\/landingsnowboard.com\\\/fr\\\/contact\\\/\",\"name\":\"Contact - FR\",\"isPartOf\":{\"@id\":\"https:\\\/\\\/landingsnowboard.com\\\/fr\\\/#website\"},\"datePublished\":\"2018-09-10T09:28:24+00:00\",\"dateModified\":\"2024-01-26T11:36:40+00:00\",\"breadcrumb\":{\"@id\":\"https:\\\/\\\/landingsnowboard.com\\\/fr\\\/contact\\\/#breadcrumb\"},\"inLanguage\":\"fr-FR\",\"potentialAction\":[{\"@type\":\"ReadAction\",\"target\":[\"https:\\\/\\\/landingsnowboard.com\\\/fr\\\/contact\\\/\"]}]},{\"@type\":\"BreadcrumbList\",\"@id\":\"https:\\\/\\\/landingsnowboard.com\\\/fr\\\/contact\\\/#breadcrumb\",\"itemListElement\":[{\"@type\":\"ListItem\",\"position\":1,\"name\":\"Home\",\"item\":\"https:\\\/\\\/landingsnowboard.com\\\/fr\\\/home\\\/\"},{\"@type\":\"ListItem\",\"position\":2,\"name\":\"Contact\"}]},{\"@type\":\"WebSite\",\"@id\":\"https:\\\/\\\/landingsnowboard.com\\\/fr\\\/#website\",\"url\":\"https:\\\/\\\/landingsnowboard.com\\\/fr\\\/\",\"name\":\"FR\",\"description\":\"FR\",\"potentialAction\":[{\"@type\":\"SearchAction\",\"target\":{\"@type\":\"EntryPoint\",\"urlTemplate\":\"https:\\\/\\\/landingsnowboard.com\\\/fr\\\/?s={search_term_string}\"},\"query-input\":{\"@type\":\"PropertyValueSpecification\",\"valueRequired\":true,\"valueName\":\"search_term_string\"}}],\"inLanguage\":\"fr-FR\"}]}<\/script>\n<!-- \/ Yoast SEO plugin. -->","yoast_head_json":{"title":"Contact - FR","robots":{"index":"index","follow":"follow","max-snippet":"max-snippet:-1","max-image-preview":"max-image-preview:large","max-video-preview":"max-video-preview:-1"},"canonical":"https:\/\/landingsnowboard.com\/fr\/contact\/","og_locale":"fr_FR","og_type":"article","og_title":"Contact - FR","og_url":"https:\/\/landingsnowboard.com\/fr\/contact\/","og_site_name":"FR","article_modified_time":"2024-01-26T11:36:40+00:00","twitter_card":"summary_large_image","twitter_misc":{"Dur\u00e9e de lecture estim\u00e9e":"1 minute"},"schema":{"@context":"https:\/\/schema.org","@graph":[{"@type":"WebPage","@id":"https:\/\/landingsnowboard.com\/fr\/contact\/","url":"https:\/\/landingsnowboard.com\/fr\/contact\/","name":"Contact - FR","isPartOf":{"@id":"https:\/\/landingsnowboard.com\/fr\/#website"},"datePublished":"2018-09-10T09:28:24+00:00","dateModified":"2024-01-26T11:36:40+00:00","breadcrumb":{"@id":"https:\/\/landingsnowboard.com\/fr\/contact\/#breadcrumb"},"inLanguage":"fr-FR","potentialAction":[{"@type":"ReadAction","target":["https:\/\/landingsnowboard.com\/fr\/contact\/"]}]},{"@type":"BreadcrumbList","@id":"https:\/\/landingsnowboard.com\/fr\/contact\/#breadcrumb","itemListElement":[{"@type":"ListItem","position":1,"name":"Home","item":"https:\/\/landingsnowboard.com\/fr\/home\/"},{"@type":"ListItem","position":2,"name":"Contact"}]},{"@type":"WebSite","@id":"https:\/\/landingsnowboard.com\/fr\/#website","url":"https:\/\/landingsnowboard.com\/fr\/","name":"FR","description":"FR","potentialAction":[{"@type":"SearchAction","target":{"@type":"EntryPoint","urlTemplate":"https:\/\/landingsnowboard.com\/fr\/?s={search_term_string}"},"query-input":{"@type":"PropertyValueSpecification","valueRequired":true,"valueName":"search_term_string"}}],"inLanguage":"fr-FR"}]}},"_links":{"self":[{"href":"https:\/\/landingsnowboard.com\/fr\/wp-json\/wp\/v2\/pages\/23","targetHints":{"allow":["GET"]}}],"collection":[{"href":"https:\/\/landingsnowboard.com\/fr\/wp-json\/wp\/v2\/pages"}],"about":[{"href":"https:\/\/landingsnowboard.com\/fr\/wp-json\/wp\/v2\/types\/page"}],"author":[{"embeddable":true,"href":"https:\/\/landingsnowboard.com\/fr\/wp-json\/wp\/v2\/users\/1"}],"replies":[{"embeddable":true,"href":"https:\/\/landingsnowboard.com\/fr\/wp-json\/wp\/v2\/comments?post=23"}],"version-history":[{"count":28,"href":"https:\/\/landingsnowboard.com\/fr\/wp-json\/wp\/v2\/pages\/23\/revisions"}],"predecessor-version":[{"id":3890,"href":"https:\/\/landingsnowboard.com\/fr\/wp-json\/wp\/v2\/pages\/23\/revisions\/3890"}],"wp:attachment":[{"href":"https:\/\/landingsnowboard.com\/fr\/wp-json\/wp\/v2\/media?parent=23"}],"curies":[{"name":"wp","href":"https:\/\/api.w.org\/{rel}","templated":true}]}}